{"id":1031,"date":"2020-09-19T09:51:34","date_gmt":"2020-09-19T14:51:34","guid":{"rendered":"https:\/\/proeslog.com\/sitio\/?page_id=1031"},"modified":"2020-10-01T18:26:06","modified_gmt":"2020-10-01T23:26:06","slug":"servicios","status":"publish","type":"page","link":"https:\/\/proeslog.com\/sitio\/servicios\/","title":{"rendered":"Servicios"},"content":{"rendered":"<p>[et_pb_section fb_built=\u00bb1&#8243; _builder_version=\u00bb4.5.1&#8243; _module_preset=\u00bbdefault\u00bb background_image=\u00bbhttps:\/\/proeslog.com\/sitio\/wp-content\/uploads\/2020\/09\/cabezote.jpg\u00bb custom_padding=\u00bb0px||0px||false|false\u00bb][et_pb_row use_custom_gutter=\u00bbon\u00bb gutter_width=\u00bb1&#8243; _builder_version=\u00bb4.5.1&#8243; _module_preset=\u00bbdefault\u00bb width=\u00bb100%\u00bb max_width=\u00bb100%\u00bb custom_padding=\u00bb0px||0px||false|false\u00bb][et_pb_column type=\u00bb4_4&#8243; _builder_version=\u00bb4.5.1&#8243; _module_preset=\u00bbdefault\u00bb background_enable_color=\u00bboff\u00bb custom_padding=\u00bb92px||92px||false|false\u00bb][et_pb_text _builder_version=\u00bb4.5.1&#8243; _module_preset=\u00bbdefault\u00bb text_font=\u00bbRaleway|700|||||||\u00bb text_text_color=\u00bb#ffffff\u00bb text_font_size=\u00bb30px\u00bb text_orientation=\u00bbcenter\u00bb]<\/p>\n<p><strong>Servicios<\/strong><\/p>\n<p>[\/et_pb_text][\/et_pb_column][\/et_pb_row][\/et_pb_section][et_pb_section fb_built=\u00bb1&#8243; _builder_version=\u00bb4.5.1&#8243; _module_preset=\u00bbdefault\u00bb background_color=\u00bb#f0edeb\u00bb custom_padding=\u00bb24px|||||\u00bb][et_pb_row column_structure=\u00bb1_2,1_2&#8243; _builder_version=\u00bb4.5.1&#8243; _module_preset=\u00bbdefault\u00bb][et_pb_column type=\u00bb1_2&#8243; _builder_version=\u00bb4.5.1&#8243; _module_preset=\u00bbdefault\u00bb][et_pb_blurb title=\u00bbCarga Masiva\u00bb image=\u00bbhttps:\/\/proeslog.com\/sitio\/wp-content\/uploads\/2020\/08\/icon-caja.png\u00bb icon_placement=\u00bbleft\u00bb image_max_width=\u00bb120px\u00bb icon_placement_tablet=\u00bb\u00bb icon_placement_phone=\u00bbtop\u00bb icon_placement_last_edited=\u00bbon|phone\u00bb _builder_version=\u00bb4.5.1&#8243; _module_preset=\u00bbdefault\u00bb header_font=\u00bbRaleway|700|||||||\u00bb header_text_color=\u00bb#001a59&#8243; header_font_size=\u00bb22px\u00bb body_font=\u00bb|600|||||||\u00bb background_color=\u00bb#e2e2e2&#8243; custom_margin=\u00bb||||false|false\u00bb custom_padding=\u00bb59px|15px|37px|15px|false|false\u00bb hover_enabled=\u00bb0&#8243; text_orientation_tablet=\u00bb\u00bb text_orientation_phone=\u00bbcenter\u00bb text_orientation_last_edited=\u00bbon|phone\u00bb custom_css_blurb_title=\u00bbmargin-top: -21px;\u00bb]<\/p>\n<p><span>Con nuestro servicio puede realizar el transporte de contenedores, carga suelta de importaci\u00f3n y exportaci\u00f3n y mercanc\u00eda de distribuci\u00f3n nacional en cupos completos de veh\u00edculo.<\/span><\/p>\n<p><a style=\"color: #f1bb17; font-size: 16px;\" href=\"https:\/\/proeslog.com\/sitio\/carga-masiva\/\">Conoce m\u00e1s<\/a><\/p>\n<p>[\/et_pb_blurb][et_pb_blurb title=\u00bbPaqueter\u00eda Premium\u00bb image=\u00bbhttps:\/\/proeslog.com\/sitio\/wp-content\/uploads\/2020\/08\/icon-carro.png\u00bb icon_placement=\u00bbleft\u00bb image_max_width=\u00bb120px\u00bb icon_placement_tablet=\u00bb\u00bb icon_placement_phone=\u00bbtop\u00bb icon_placement_last_edited=\u00bbon|phone\u00bb _builder_version=\u00bb4.5.1&#8243; _module_preset=\u00bbdefault\u00bb header_font=\u00bbRaleway|700|||||||\u00bb header_text_color=\u00bb#001a59&#8243; header_font_size=\u00bb22px\u00bb body_font=\u00bb|600|||||||\u00bb background_color=\u00bb#e2e2e2&#8243; custom_margin=\u00bb||||false|false\u00bb custom_padding=\u00bb59px|15px|37px|15px|false|false\u00bb hover_enabled=\u00bb0&#8243; text_orientation_tablet=\u00bb\u00bb text_orientation_phone=\u00bbcenter\u00bb text_orientation_last_edited=\u00bbon|phone\u00bb custom_css_blurb_title=\u00bbmargin-top: -21px;\u00bb]<\/p>\n<p>Servicio dirigido al mercado E-commerce en los corredores Medell\u00edn-Bogot\u00e1, Bogot\u00e1- Medell\u00edn y \u00e1reas Metropolitanas de las mismas, con extensi\u00f3n a Cundinamarca, Boyac\u00e1, Meta y Antioqu\u00eda.<\/p>\n<p><a style=\"color: #f1bb17; font-size: 16px;\" href=\"https:\/\/proeslog.com\/sitio\/paqueteria-premium\/\">Conoce m\u00e1s<\/a><\/p>\n<p>[\/et_pb_blurb][\/et_pb_column][et_pb_column type=\u00bb1_2&#8243; _builder_version=\u00bb4.5.1&#8243; _module_preset=\u00bbdefault\u00bb][et_pb_blurb title=\u00bbPaqueter\u00eda Liviana\u00bb image=\u00bbhttps:\/\/proeslog.com\/sitio\/wp-content\/uploads\/2020\/08\/icon-sobres.png\u00bb icon_placement=\u00bbleft\u00bb image_max_width=\u00bb120px\u00bb icon_placement_tablet=\u00bb\u00bb icon_placement_phone=\u00bbtop\u00bb icon_placement_last_edited=\u00bbon|phone\u00bb _builder_version=\u00bb4.5.1&#8243; _module_preset=\u00bbdefault\u00bb header_font=\u00bbRaleway|700|||||||\u00bb header_text_color=\u00bb#001a59&#8243; header_font_size=\u00bb22px\u00bb body_font=\u00bb|600|||||||\u00bb background_color=\u00bb#e2e2e2&#8243; custom_margin=\u00bb||||false|false\u00bb custom_padding=\u00bb59px|15px|37px|15px|false|false\u00bb hover_enabled=\u00bb0&#8243; text_orientation_tablet=\u00bb\u00bb text_orientation_phone=\u00bbcenter\u00bb text_orientation_last_edited=\u00bbon|phone\u00bb custom_css_blurb_title=\u00bbmargin-top: -21px;\u00bb]<\/p>\n<p>Servicio dirigido a los diferentes sectores econ\u00f3micos, en los corredores Medell\u00edn-Bogot\u00e1, Bogot\u00e1- Medell\u00edn y \u00e1reas Metropolitanas de las mismas, con extensi\u00f3n a Cundinamarca.<\/p>\n<p><a style=\"color: #f1bb17; font-size: 16px;\" href=\"https:\/\/proeslog.com\/sitio\/paqueteria-liviana\/\">Conoce m\u00e1s<\/a><\/p>\n<p>[\/et_pb_blurb][et_pb_blurb title=\u00bbProyectos de Distribuciones Especiales Retail\u00bb image=\u00bbhttps:\/\/proeslog.com\/sitio\/wp-content\/uploads\/2020\/08\/icon-carro-2.png\u00bb icon_placement=\u00bbleft\u00bb image_max_width=\u00bb120px\u00bb icon_placement_tablet=\u00bb\u00bb icon_placement_phone=\u00bbtop\u00bb icon_placement_last_edited=\u00bbon|phone\u00bb _builder_version=\u00bb4.5.1&#8243; _module_preset=\u00bbdefault\u00bb header_font=\u00bbRaleway|700|||||||\u00bb header_text_color=\u00bb#001a59&#8243; header_font_size=\u00bb22px\u00bb body_font=\u00bb|600|||||||\u00bb background_color=\u00bb#e2e2e2&#8243; custom_margin=\u00bb||||false|false\u00bb custom_padding=\u00bb59px|15px|37px|15px|false|false\u00bb hover_enabled=\u00bb0&#8243; text_orientation_tablet=\u00bb\u00bb text_orientation_phone=\u00bbcenter\u00bb text_orientation_last_edited=\u00bbon|phone\u00bb custom_css_blurb_title=\u00bbmargin-top: -22px;\u00bb]<\/p>\n<p>Dise\u00f1o y estudio de operaciones de acuerdo a las necesidades Log\u00edsticas de cada empresa.<\/p>\n<p>&nbsp;<\/p>\n<p><a style=\"color: #f1bb17; font-size: 16px;\" href=\"https:\/\/proeslog.com\/sitio\/proyectos-de-distribuciones-especiales-retail\/\">Conoce m\u00e1s<\/a><\/p>\n<p>[\/et_pb_blurb][\/et_pb_column][\/et_pb_row][\/et_pb_section]<\/p>\n","protected":false},"excerpt":{"rendered":"<p>ServiciosCon nuestro servicio puede realizar el transporte de contenedores, carga suelta de importaci\u00f3n y exportaci\u00f3n y mercanc\u00eda de distribuci\u00f3n nacional en cupos completos de veh\u00edculo. Conoce m\u00e1sServicio dirigido al mercado E-commerce en los corredores Medell\u00edn-Bogot\u00e1, Bogot\u00e1- Medell\u00edn y \u00e1reas Metropolitanas de las mismas, con extensi\u00f3n a Cundinamarca, Boyac\u00e1, Meta y Antioqu\u00eda. Conoce m\u00e1sServicio dirigido a [&hellip;]<\/p>\n","protected":false},"author":3,"featured_media":0,"parent":0,"menu_order":0,"comment_status":"closed","ping_status":"closed","template":"","meta":{"_et_pb_use_builder":"on","_et_pb_old_content":"","_et_gb_content_width":"","_joinchat":[],"footnotes":""},"class_list":["post-1031","page","type-page","status-publish","hentry"],"_links":{"self":[{"href":"https:\/\/proeslog.com\/sitio\/wp-json\/wp\/v2\/pages\/1031","targetHints":{"allow":["GET"]}}],"collection":[{"href":"https:\/\/proeslog.com\/sitio\/wp-json\/wp\/v2\/pages"}],"about":[{"href":"https:\/\/proeslog.com\/sitio\/wp-json\/wp\/v2\/types\/page"}],"author":[{"embeddable":true,"href":"https:\/\/proeslog.com\/sitio\/wp-json\/wp\/v2\/users\/3"}],"replies":[{"embeddable":true,"href":"https:\/\/proeslog.com\/sitio\/wp-json\/wp\/v2\/comments?post=1031"}],"version-history":[{"count":6,"href":"https:\/\/proeslog.com\/sitio\/wp-json\/wp\/v2\/pages\/1031\/revisions"}],"predecessor-version":[{"id":1379,"href":"https:\/\/proeslog.com\/sitio\/wp-json\/wp\/v2\/pages\/1031\/revisions\/1379"}],"wp:attachment":[{"href":"https:\/\/proeslog.com\/sitio\/wp-json\/wp\/v2\/media?parent=1031"}],"curies":[{"name":"wp","href":"https:\/\/api.w.org\/{rel}","templated":true}]}}