{"id":1144,"date":"2020-09-28T15:59:48","date_gmt":"2020-09-28T20:59:48","guid":{"rendered":"https:\/\/proeslog.com\/sitio\/?page_id=1144"},"modified":"2020-09-29T13:53:13","modified_gmt":"2020-09-29T18:53:13","slug":"solicitar-servicio","status":"publish","type":"page","link":"https:\/\/proeslog.com\/sitio\/solicitar-servicio\/","title":{"rendered":"Solicitar Servicio"},"content":{"rendered":"<p>[et_pb_section fb_built=\u00bb1&#8243; _builder_version=\u00bb4.5.1&#8243; _module_preset=\u00bbdefault\u00bb background_image=\u00bbhttps:\/\/proeslog.com\/sitio\/wp-content\/uploads\/2020\/09\/solicitar.jpg\u00bb custom_padding=\u00bb0px||0px||false|false\u00bb hover_enabled=\u00bb0&#8243; title_text=\u00bbsolicitar\u00bb][et_pb_row use_custom_gutter=\u00bbon\u00bb gutter_width=\u00bb1&#8243; _builder_version=\u00bb4.5.1&#8243; _module_preset=\u00bbdefault\u00bb width=\u00bb100%\u00bb max_width=\u00bb100%\u00bb custom_padding=\u00bb0px||0px||false|false\u00bb][et_pb_column type=\u00bb4_4&#8243; _builder_version=\u00bb4.5.1&#8243; _module_preset=\u00bbdefault\u00bb background_enable_color=\u00bboff\u00bb custom_padding=\u00bb92px||92px||false|false\u00bb][et_pb_text _builder_version=\u00bb4.5.1&#8243; _module_preset=\u00bbdefault\u00bb text_font=\u00bbRaleway|700|||||||\u00bb text_text_color=\u00bb#ffffff\u00bb text_font_size=\u00bb30px\u00bb text_orientation=\u00bbcenter\u00bb]<\/p>\n<p><strong>Solicitar servicio<\/strong><\/p>\n<p>[\/et_pb_text][\/et_pb_column][\/et_pb_row][\/et_pb_section][et_pb_section fb_built=\u00bb1&#8243; _builder_version=\u00bb4.5.1&#8243; _module_preset=\u00bbdefault\u00bb custom_padding=\u00bb36px|||||\u00bb][et_pb_row _builder_version=\u00bb4.5.1&#8243; _module_preset=\u00bbdefault\u00bb custom_margin=\u00bb10px|auto|7px|auto||\u00bb custom_padding=\u00bb19px|||||\u00bb][et_pb_column _builder_version=\u00bb4.5.1&#8243; _module_preset=\u00bbdefault\u00bb type=\u00bb4_4&#8243;][et_pb_text _builder_version=\u00bb4.5.1&#8243; _module_preset=\u00bbdefault\u00bb hover_enabled=\u00bb0&#8243; text_text_color=\u00bb#4d4d4d\u00bb text_font_size=\u00bb16px\u00bb text_orientation=\u00bbcenter\u00bb]Diligencie todos los campos para  la programacion de la  recogida,  recuerde realizar la solicitud con dos horas de anticipaci\u00f3n.[\/et_pb_text][\/et_pb_column][\/et_pb_row][et_pb_row column_structure=\u00bb1_5,3_5,1_5&#8243; _builder_version=\u00bb4.5.1&#8243; _module_preset=\u00bbdefault\u00bb custom_margin=\u00bb1px|auto||auto||\u00bb][et_pb_column type=\u00bb1_5&#8243; _builder_version=\u00bb4.5.1&#8243; _module_preset=\u00bbdefault\u00bb][\/et_pb_column][et_pb_column type=\u00bb3_5&#8243; _builder_version=\u00bb4.5.1&#8243; _module_preset=\u00bbdefault\u00bb][et_pb_text _builder_version=\u00bb4.5.1&#8243; _module_preset=\u00bbdefault\u00bb text_font=\u00bbRaleway|700|||||||\u00bb text_text_color=\u00bb#02296a\u00bb text_font_size=\u00bb25px\u00bb text_orientation=\u00bbcenter\u00bb hover_enabled=\u00bb0&#8243;]Solicita tu servicio personalizado[\/et_pb_text][et_pb_code _builder_version=\u00bb4.5.1&#8243; _module_preset=\u00bbdefault\u00bb]<div role=\"form\" class=\"wpcf7\" id=\"wpcf7-f1143-o1\" lang=\"es-CO\" dir=\"ltr\">\n<div class=\"screen-reader-response\" role=\"alert\" aria-live=\"polite\"><\/div>\n<form action=\"\/sitio\/wp-json\/wp\/v2\/pages\/1144#wpcf7-f1143-o1\" method=\"post\" class=\"wpcf7-form init\" novalidate=\"novalidate\">\n<div style=\"display: none;\">\n<input type=\"hidden\" name=\"_wpcf7\" value=\"1143\" \/>\n<input type=\"hidden\" name=\"_wpcf7_version\" value=\"5.2.2\" \/>\n<input type=\"hidden\" name=\"_wpcf7_locale\" value=\"es_CO\" \/>\n<input type=\"hidden\" name=\"_wpcf7_unit_tag\" value=\"wpcf7-f1143-o1\" \/>\n<input type=\"hidden\" name=\"_wpcf7_container_post\" value=\"0\" \/>\n<input type=\"hidden\" name=\"_wpcf7_posted_data_hash\" value=\"\" \/>\n<input type=\"hidden\" name=\"_wpcf7_recaptcha_response\" value=\"\" \/>\n<\/div>\n<p><label> Empresa ordenante<br \/>\n    <span class=\"wpcf7-form-control-wrap your-subject\"><input type=\"text\" name=\"your-subject\" value=\"\" size=\"40\" class=\"wpcf7-form-control wpcf7-text wpcf7-validates-as-required\" aria-required=\"true\" aria-invalid=\"false\" \/><\/span> <\/label><\/p>\n<p><label> Persona ordenante<br \/>\n    <span class=\"wpcf7-form-control-wrap your-name\"><input type=\"text\" name=\"your-name\" value=\"\" size=\"40\" class=\"wpcf7-form-control wpcf7-text wpcf7-validates-as-required\" aria-required=\"true\" aria-invalid=\"false\" \/><\/span> <\/label><\/p>\n<p><label> Nit de empresa ordenante<br \/>\n    <span class=\"wpcf7-form-control-wrap nit\"><input type=\"text\" name=\"nit\" value=\"\" size=\"40\" class=\"wpcf7-form-control wpcf7-text wpcf7-validates-as-required\" aria-required=\"true\" aria-invalid=\"false\" \/><\/span><\/label><\/p>\n<p><label> Tel\u00e9fono<br \/>\n    <span class=\"wpcf7-form-control-wrap telefono\"><input type=\"text\" name=\"telefono\" value=\"\" size=\"40\" class=\"wpcf7-form-control wpcf7-text wpcf7-validates-as-required\" aria-required=\"true\" aria-invalid=\"false\" \/><\/span> <\/label><\/p>\n<p><label> Correo electr\u00f3nico<br \/>\n    <span class=\"wpcf7-form-control-wrap your-email\"><input type=\"email\" name=\"your-email\" value=\"\" size=\"40\" class=\"wpcf7-form-control wpcf7-text wpcf7-email wpcf7-validates-as-required wpcf7-validates-as-email\" aria-required=\"true\" aria-invalid=\"false\" \/><\/span> <\/label><\/p>\n<p><label> Producto<br \/>\n    <span class=\"wpcf7-form-control-wrap servicios\"><select name=\"servicios\" class=\"wpcf7-form-control wpcf7-select wpcf7-validates-as-required\" aria-required=\"true\" aria-invalid=\"false\"><option value=\"\">---<\/option><option value=\"Carga masiva\">Carga masiva<\/option><option value=\"Paqueter\u00eda premium\">Paqueter\u00eda premium<\/option><option value=\"Paqueter\u00eda Liviana\">Paqueter\u00eda Liviana<\/option><option value=\"Proyectos de Distribuciones\">Proyectos de Distribuciones<\/option><\/select><\/span> <\/label><\/p>\n<p><label> Servicio<br \/>\n    <span class=\"wpcf7-form-control-wrap courrier\"><select name=\"courrier\" class=\"wpcf7-form-control wpcf7-select\" aria-invalid=\"false\"><option value=\"\">---<\/option><option value=\"Carga masiva\">Carga masiva<\/option><option value=\"Paqueter\u00eda Premium 1-5 kg\">Paqueter\u00eda Premium 1-5 kg<\/option><option value=\"Paqueter\u00eda Liviana &gt;6\">Paqueter\u00eda Liviana &gt;6<\/option><\/select><\/span> <\/label><\/p>\n<p><label> Tipo de veh\u00edculo<br \/>\n    <span class=\"wpcf7-form-control-wrap vehiculo\"><select name=\"vehiculo\" class=\"wpcf7-form-control wpcf7-select wpcf7-validates-as-required\" aria-required=\"true\" aria-invalid=\"false\"><option value=\"\">---<\/option><option value=\"Turbo 4.5 Ton\/ Vol 25 M3\">Turbo 4.5 Ton\/ Vol 25 M3<\/option><option value=\"Sencillo 8 Ton\/ Vol 35 M3\">Sencillo 8 Ton\/ Vol 35 M3<\/option><option value=\"MiniMula\/ Patineta 17 Ton\/ Vol 72 M3\">MiniMula\/ Patineta 17 Ton\/ Vol 72 M3<\/option><option value=\"TractoMula 30-35 Ton\/ Vol 72 M3\">TractoMula 30-35 Ton\/ Vol 72 M3<\/option><option value=\"Veh\u00edculos Especiales (Gr\u00faa, CamaBaja, Ni\u00f1eras)\">Veh\u00edculos Especiales (Gr\u00faa, CamaBaja, Ni\u00f1eras)<\/option><\/select><\/span> <\/label><\/p>\n<p><label> Tipo de Mercanc\u00eda<br \/>\n    <span class=\"wpcf7-form-control-wrap mercancia\"><select name=\"mercancia\" class=\"wpcf7-form-control wpcf7-select wpcf7-validates-as-required\" aria-required=\"true\" aria-invalid=\"false\"><option value=\"\">---<\/option><option value=\"Carga General\">Carga General<\/option><option value=\"Qu\u00edmicos\">Qu\u00edmicos<\/option><option value=\"Alimentos\">Alimentos<\/option><option value=\"L\u00edquidos\">L\u00edquidos<\/option><option value=\"Tecnolog\u00eda\">Tecnolog\u00eda<\/option><option value=\"Otros\">Otros<\/option><\/select><\/span> <\/label><\/p>\n<p><label> Cantidad de paquetes<br \/>\n    <span class=\"wpcf7-form-control-wrap paquetes\"><input type=\"text\" name=\"paquetes\" value=\"\" size=\"40\" class=\"wpcf7-form-control wpcf7-text wpcf7-validates-as-required\" aria-required=\"true\" aria-invalid=\"false\" \/><\/span> <\/label><\/p>\n<p><label> Peso total<br \/>\n    <span class=\"wpcf7-form-control-wrap peso\"><input type=\"text\" name=\"peso\" value=\"\" size=\"40\" class=\"wpcf7-form-control wpcf7-text wpcf7-validates-as-required\" aria-required=\"true\" aria-invalid=\"false\" \/><\/span> <\/label><\/p>\n<p><label> Volumen total<br \/>\n    <span class=\"wpcf7-form-control-wrap volumen\"><input type=\"text\" name=\"volumen\" value=\"\" size=\"40\" class=\"wpcf7-form-control wpcf7-text wpcf7-validates-as-required\" aria-required=\"true\" aria-invalid=\"false\" \/><\/span> <\/label><\/p>\n<p><label> Valor Declarado $<br \/>\n    <span class=\"wpcf7-form-control-wrap valor\"><input type=\"text\" name=\"valor\" value=\"\" size=\"40\" class=\"wpcf7-form-control wpcf7-text wpcf7-validates-as-required\" aria-required=\"true\" aria-invalid=\"false\" \/><\/span> <\/label><\/p>\n<p><label> Fecha de recolecci\u00f3n<br \/>\n    <span class=\"wpcf7-form-control-wrap date-436\"><input type=\"date\" name=\"date-436\" value=\"\" class=\"wpcf7-form-control wpcf7-date wpcf7-validates-as-required wpcf7-validates-as-date\" aria-required=\"true\" aria-invalid=\"false\" \/><\/span> <\/label><\/p>\n<p><label> Hora de recolecci\u00f3n<br \/>\n    <span class=\"wpcf7-form-control-wrap hora\"><select name=\"hora\" class=\"wpcf7-form-control wpcf7-select wpcf7-validates-as-required\" aria-required=\"true\" aria-invalid=\"false\"><option value=\"\">---<\/option><option value=\"08:00-10:00\">08:00-10:00<\/option><option value=\"10:00-12:00\">10:00-12:00<\/option><option value=\"12:00-14:00\">12:00-14:00<\/option><option value=\"14:00-16:00\">14:00-16:00<\/option><option value=\"16:00-18:00\">16:00-18:00<\/option><\/select><\/span><\/label><\/p>\n<p><label> Ciudad de origen<br \/>\n    <span class=\"wpcf7-form-control-wrap ciudad\"><input type=\"text\" name=\"ciudad\" value=\"\" size=\"40\" class=\"wpcf7-form-control wpcf7-text wpcf7-validates-as-required\" aria-required=\"true\" aria-invalid=\"false\" \/><\/span> <\/label><\/p>\n<p><label> Nombre de empresa donde se recoge tu Mercanc\u00eda<br \/>\n    <span class=\"wpcf7-form-control-wrap empresa-donde-se-recoge\"><input type=\"text\" name=\"empresa-donde-se-recoge\" value=\"\" size=\"40\" class=\"wpcf7-form-control wpcf7-text wpcf7-validates-as-required\" aria-required=\"true\" aria-invalid=\"false\" \/><\/span> <\/label><\/p>\n<p><label> Direcci\u00f3n de recogida<br \/>\n    <span class=\"wpcf7-form-control-wrap direccion\"><input type=\"text\" name=\"direccion\" value=\"\" size=\"40\" class=\"wpcf7-form-control wpcf7-text wpcf7-validates-as-required\" aria-required=\"true\" aria-invalid=\"false\" \/><\/span> <\/label><\/p>\n<p><label> Contacto para tu recogida<br \/>\n    <span class=\"wpcf7-form-control-wrap contacto\"><input type=\"text\" name=\"contacto\" value=\"\" size=\"40\" class=\"wpcf7-form-control wpcf7-text wpcf7-validates-as-required\" aria-required=\"true\" aria-invalid=\"false\" \/><\/span> <\/label><\/p>\n<p><label> Tel\u00e9fono para tu recogida<br \/>\n    <span class=\"wpcf7-form-control-wrap telefono-recogida\"><input type=\"text\" name=\"telefono-recogida\" value=\"\" size=\"40\" class=\"wpcf7-form-control wpcf7-text wpcf7-validates-as-required\" aria-required=\"true\" aria-invalid=\"false\" \/><\/span> <\/label><\/p>\n<p><label> Ciudad de Destino<br \/>\n    <span class=\"wpcf7-form-control-wrap ciudad-destino\"><input type=\"text\" name=\"ciudad-destino\" value=\"\" size=\"40\" class=\"wpcf7-form-control wpcf7-text wpcf7-validates-as-required\" aria-required=\"true\" aria-invalid=\"false\" \/><\/span> <\/label><\/p>\n<p><label> Destinatario<br \/>\n    <span class=\"wpcf7-form-control-wrap destinatario\"><input type=\"text\" name=\"destinatario\" value=\"\" size=\"40\" class=\"wpcf7-form-control wpcf7-text wpcf7-validates-as-required\" aria-required=\"true\" aria-invalid=\"false\" \/><\/span> <\/label><\/p>\n<p><label> Nit del destinatario<br \/>\n    <span class=\"wpcf7-form-control-wrap nit-destinatario\"><input type=\"text\" name=\"nit-destinatario\" value=\"\" size=\"40\" class=\"wpcf7-form-control wpcf7-text wpcf7-validates-as-required\" aria-required=\"true\" aria-invalid=\"false\" \/><\/span> <\/label><\/p>\n<p><label> Direcci\u00f3n de entrega<br \/>\n    <span class=\"wpcf7-form-control-wrap direccion-entrega\"><input type=\"text\" name=\"direccion-entrega\" value=\"\" size=\"40\" class=\"wpcf7-form-control wpcf7-text wpcf7-validates-as-required\" aria-required=\"true\" aria-invalid=\"false\" \/><\/span> <\/label><\/p>\n<p><label> Tel\u00e9fono destinatario<br \/>\n    <span class=\"wpcf7-form-control-wrap telefono-destinatario\"><input type=\"text\" name=\"telefono-destinatario\" value=\"\" size=\"40\" class=\"wpcf7-form-control wpcf7-text wpcf7-validates-as-required\" aria-required=\"true\" aria-invalid=\"false\" \/><\/span> <\/label><\/p>\n<p><label> Forma de pago<br \/>\n    <span class=\"wpcf7-form-control-wrap forma-pago\"><select name=\"forma-pago\" class=\"wpcf7-form-control wpcf7-select wpcf7-validates-as-required\" aria-required=\"true\" aria-invalid=\"false\"><option value=\"\">---<\/option><option value=\"Cr\u00e9dito\">Cr\u00e9dito<\/option><option value=\"Contado\">Contado<\/option><option value=\"Contraentrega\">Contraentrega<\/option><\/select><\/span> <\/label><\/p>\n<p><label> Requiere Cargue<br \/>\n    <span class=\"wpcf7-form-control-wrap carga\"><select name=\"carga\" class=\"wpcf7-form-control wpcf7-select wpcf7-validates-as-required\" aria-required=\"true\" aria-invalid=\"false\"><option value=\"\">---<\/option><option value=\"Si\">Si<\/option><option value=\"No\">No<\/option><\/select><\/span><\/label><\/p>\n<p><label> Requiere Descargue<br \/>\n     <span class=\"wpcf7-form-control-wrap descarga\"><select name=\"descarga\" class=\"wpcf7-form-control wpcf7-select wpcf7-validates-as-required\" aria-required=\"true\" aria-invalid=\"false\"><option value=\"\">---<\/option><option value=\"Si\">Si<\/option><option value=\"No\">No<\/option><\/select><\/span><\/label><\/p>\n<p><label> Observaciones al despacho<br \/>\n    <span class=\"wpcf7-form-control-wrap mensaje\"><textarea name=\"mensaje\" cols=\"40\" rows=\"10\" class=\"wpcf7-form-control wpcf7-textarea wpcf7-validates-as-required\" aria-required=\"true\" aria-invalid=\"false\"><\/textarea><\/span> <\/label><\/p>\n<p><input type=\"submit\" value=\"Enviar\"><\/p>\n<div class=\"wpcf7-response-output\" role=\"alert\" aria-hidden=\"true\"><\/div><\/form><\/div>[\/et_pb_code][\/et_pb_column][et_pb_column type=\u00bb1_5&#8243; _builder_version=\u00bb4.5.1&#8243; _module_preset=\u00bbdefault\u00bb][\/et_pb_column][\/et_pb_row][\/et_pb_section]<\/p>\n","protected":false},"excerpt":{"rendered":"<p>Solicitar servicioDiligencie todos los campos para la programacion de la recogida, recuerde realizar la solicitud con dos horas de anticipaci\u00f3n.Solicita tu servicio personalizado<div role=\"form\" class=\"wpcf7\" id=\"wpcf7-f1143-o2\" lang=\"es-CO\" dir=\"ltr\">\n<div class=\"screen-reader-response\" role=\"alert\" aria-live=\"polite\"><\/div>\n<form action=\"\/sitio\/wp-json\/wp\/v2\/pages\/1144#wpcf7-f1143-o2\" method=\"post\" class=\"wpcf7-form init\" novalidate=\"novalidate\">\n<div style=\"display: none;\">\n<input type=\"hidden\" name=\"_wpcf7\" value=\"1143\" \/>\n<input type=\"hidden\" name=\"_wpcf7_version\" value=\"5.2.2\" \/>\n<input type=\"hidden\" name=\"_wpcf7_locale\" value=\"es_CO\" \/>\n<input type=\"hidden\" name=\"_wpcf7_unit_tag\" value=\"wpcf7-f1143-o2\" \/>\n<input type=\"hidden\" name=\"_wpcf7_container_post\" value=\"0\" \/>\n<input type=\"hidden\" name=\"_wpcf7_posted_data_hash\" value=\"\" \/>\n<input type=\"hidden\" name=\"_wpcf7_recaptcha_response\" value=\"\" \/>\n<\/div>\n<p><label> Empresa ordenante<br \/>\n    <span class=\"wpcf7-form-control-wrap your-subject\"><input type=\"text\" name=\"your-subject\" value=\"\" size=\"40\" class=\"wpcf7-form-control wpcf7-text wpcf7-validates-as-required\" aria-required=\"true\" aria-invalid=\"false\" \/><\/span> <\/label><\/p>\n<p><label> Persona ordenante<br \/>\n    <span class=\"wpcf7-form-control-wrap your-name\"><input type=\"text\" name=\"your-name\" value=\"\" size=\"40\" class=\"wpcf7-form-control wpcf7-text wpcf7-validates-as-required\" aria-required=\"true\" aria-invalid=\"false\" \/><\/span> <\/label><\/p>\n<p><label> Nit de empresa ordenante<br \/>\n    <span class=\"wpcf7-form-control-wrap nit\"><input type=\"text\" name=\"nit\" value=\"\" size=\"40\" class=\"wpcf7-form-control wpcf7-text wpcf7-validates-as-required\" aria-required=\"true\" aria-invalid=\"false\" \/><\/span><\/label><\/p>\n<p><label> Tel\u00e9fono<br \/>\n    <span class=\"wpcf7-form-control-wrap telefono\"><input type=\"text\" name=\"telefono\" value=\"\" size=\"40\" class=\"wpcf7-form-control wpcf7-text wpcf7-validates-as-required\" aria-required=\"true\" aria-invalid=\"false\" \/><\/span> <\/label><\/p>\n<p><label> Correo electr\u00f3nico<br \/>\n    <span class=\"wpcf7-form-control-wrap your-email\"><input type=\"email\" name=\"your-email\" value=\"\" size=\"40\" class=\"wpcf7-form-control wpcf7-text wpcf7-email wpcf7-validates-as-required wpcf7-validates-as-email\" aria-required=\"true\" aria-invalid=\"false\" \/><\/span> <\/label><\/p>\n<p><label> Producto<br \/>\n    <span class=\"wpcf7-form-control-wrap servicios\"><select name=\"servicios\" class=\"wpcf7-form-control wpcf7-select wpcf7-validates-as-required\" aria-required=\"true\" aria-invalid=\"false\"><option value=\"\">---<\/option><option value=\"Carga masiva\">Carga masiva<\/option><option value=\"Paqueter\u00eda premium\">Paqueter\u00eda premium<\/option><option value=\"Paqueter\u00eda Liviana\">Paqueter\u00eda Liviana<\/option><option value=\"Proyectos de Distribuciones\">Proyectos de Distribuciones<\/option><\/select><\/span> <\/label><\/p>\n<p><label> Servicio<br \/>\n    <span class=\"wpcf7-form-control-wrap courrier\"><select name=\"courrier\" class=\"wpcf7-form-control wpcf7-select\" aria-invalid=\"false\"><option value=\"\">---<\/option><option value=\"Carga masiva\">Carga masiva<\/option><option value=\"Paqueter\u00eda Premium 1-5 kg\">Paqueter\u00eda Premium 1-5 kg<\/option><option value=\"Paqueter\u00eda Liviana &gt;6\">Paqueter\u00eda Liviana &gt;6<\/option><\/select><\/span> <\/label><\/p>\n<p><label> Tipo de veh\u00edculo<br \/>\n    <span class=\"wpcf7-form-control-wrap vehiculo\"><select name=\"vehiculo\" class=\"wpcf7-form-control wpcf7-select wpcf7-validates-as-required\" aria-required=\"true\" aria-invalid=\"false\"><option value=\"\">---<\/option><option value=\"Turbo 4.5 Ton\/ Vol 25 M3\">Turbo 4.5 Ton\/ Vol 25 M3<\/option><option value=\"Sencillo 8 Ton\/ Vol 35 M3\">Sencillo 8 Ton\/ Vol 35 M3<\/option><option value=\"MiniMula\/ Patineta 17 Ton\/ Vol 72 M3\">MiniMula\/ Patineta 17 Ton\/ Vol 72 M3<\/option><option value=\"TractoMula 30-35 Ton\/ Vol 72 M3\">TractoMula 30-35 Ton\/ Vol 72 M3<\/option><option value=\"Veh\u00edculos Especiales (Gr\u00faa, CamaBaja, Ni\u00f1eras)\">Veh\u00edculos Especiales (Gr\u00faa, CamaBaja, Ni\u00f1eras)<\/option><\/select><\/span> <\/label><\/p>\n<p><label> Tipo de Mercanc\u00eda<br \/>\n    <span class=\"wpcf7-form-control-wrap mercancia\"><select name=\"mercancia\" class=\"wpcf7-form-control wpcf7-select wpcf7-validates-as-required\" aria-required=\"true\" aria-invalid=\"false\"><option value=\"\">---<\/option><option value=\"Carga General\">Carga General<\/option><option value=\"Qu\u00edmicos\">Qu\u00edmicos<\/option><option value=\"Alimentos\">Alimentos<\/option><option value=\"L\u00edquidos\">L\u00edquidos<\/option><option value=\"Tecnolog\u00eda\">Tecnolog\u00eda<\/option><option value=\"Otros\">Otros<\/option><\/select><\/span> <\/label><\/p>\n<p><label> Cantidad de paquetes<br \/>\n    <span class=\"wpcf7-form-control-wrap paquetes\"><input type=\"text\" name=\"paquetes\" value=\"\" size=\"40\" class=\"wpcf7-form-control wpcf7-text wpcf7-validates-as-required\" aria-required=\"true\" aria-invalid=\"false\" \/><\/span> <\/label><\/p>\n<p><label> Peso total<br \/>\n    <span class=\"wpcf7-form-control-wrap peso\"><input type=\"text\" name=\"peso\" value=\"\" size=\"40\" class=\"wpcf7-form-control wpcf7-text wpcf7-validates-as-required\" aria-required=\"true\" aria-invalid=\"false\" \/><\/span> <\/label><\/p>\n<p><label> Volumen total<br \/>\n    <span class=\"wpcf7-form-control-wrap volumen\"><input type=\"text\" name=\"volumen\" value=\"\" size=\"40\" class=\"wpcf7-form-control wpcf7-text wpcf7-validates-as-required\" aria-required=\"true\" aria-invalid=\"false\" \/><\/span> <\/label><\/p>\n<p><label> Valor Declarado $<br \/>\n    <span class=\"wpcf7-form-control-wrap valor\"><input type=\"text\" name=\"valor\" value=\"\" size=\"40\" class=\"wpcf7-form-control wpcf7-text wpcf7-validates-as-required\" aria-required=\"true\" aria-invalid=\"false\" \/><\/span> <\/label><\/p>\n<p><label> Fecha de recolecci\u00f3n<br \/>\n    <span class=\"wpcf7-form-control-wrap date-436\"><input type=\"date\" name=\"date-436\" value=\"\" class=\"wpcf7-form-control wpcf7-date wpcf7-validates-as-required wpcf7-validates-as-date\" aria-required=\"true\" aria-invalid=\"false\" \/><\/span> <\/label><\/p>\n<p><label> Hora de recolecci\u00f3n<br \/>\n    <span class=\"wpcf7-form-control-wrap hora\"><select name=\"hora\" class=\"wpcf7-form-control wpcf7-select wpcf7-validates-as-required\" aria-required=\"true\" aria-invalid=\"false\"><option value=\"\">---<\/option><option value=\"08:00-10:00\">08:00-10:00<\/option><option value=\"10:00-12:00\">10:00-12:00<\/option><option value=\"12:00-14:00\">12:00-14:00<\/option><option value=\"14:00-16:00\">14:00-16:00<\/option><option value=\"16:00-18:00\">16:00-18:00<\/option><\/select><\/span><\/label><\/p>\n<p><label> Ciudad de origen<br \/>\n    <span class=\"wpcf7-form-control-wrap ciudad\"><input type=\"text\" name=\"ciudad\" value=\"\" size=\"40\" class=\"wpcf7-form-control wpcf7-text wpcf7-validates-as-required\" aria-required=\"true\" aria-invalid=\"false\" \/><\/span> <\/label><\/p>\n<p><label> Nombre de empresa donde se recoge tu Mercanc\u00eda<br \/>\n    <span class=\"wpcf7-form-control-wrap empresa-donde-se-recoge\"><input type=\"text\" name=\"empresa-donde-se-recoge\" value=\"\" size=\"40\" class=\"wpcf7-form-control wpcf7-text wpcf7-validates-as-required\" aria-required=\"true\" aria-invalid=\"false\" \/><\/span> <\/label><\/p>\n<p><label> Direcci\u00f3n de recogida<br \/>\n    <span class=\"wpcf7-form-control-wrap direccion\"><input type=\"text\" name=\"direccion\" value=\"\" size=\"40\" class=\"wpcf7-form-control wpcf7-text wpcf7-validates-as-required\" aria-required=\"true\" aria-invalid=\"false\" \/><\/span> <\/label><\/p>\n<p><label> Contacto para tu recogida<br \/>\n    <span class=\"wpcf7-form-control-wrap contacto\"><input type=\"text\" name=\"contacto\" value=\"\" size=\"40\" class=\"wpcf7-form-control wpcf7-text wpcf7-validates-as-required\" aria-required=\"true\" aria-invalid=\"false\" \/><\/span> <\/label><\/p>\n<p><label> Tel\u00e9fono para tu recogida<br \/>\n    <span class=\"wpcf7-form-control-wrap telefono-recogida\"><input type=\"text\" name=\"telefono-recogida\" value=\"\" size=\"40\" class=\"wpcf7-form-control wpcf7-text wpcf7-validates-as-required\" aria-required=\"true\" aria-invalid=\"false\" \/><\/span> <\/label><\/p>\n<p><label> Ciudad de Destino<br \/>\n    <span class=\"wpcf7-form-control-wrap ciudad-destino\"><input type=\"text\" name=\"ciudad-destino\" value=\"\" size=\"40\" class=\"wpcf7-form-control wpcf7-text wpcf7-validates-as-required\" aria-required=\"true\" aria-invalid=\"false\" \/><\/span> <\/label><\/p>\n<p><label> Destinatario<br \/>\n    <span class=\"wpcf7-form-control-wrap destinatario\"><input type=\"text\" name=\"destinatario\" value=\"\" size=\"40\" class=\"wpcf7-form-control wpcf7-text wpcf7-validates-as-required\" aria-required=\"true\" aria-invalid=\"false\" \/><\/span> <\/label><\/p>\n<p><label> Nit del destinatario<br \/>\n    <span class=\"wpcf7-form-control-wrap nit-destinatario\"><input type=\"text\" name=\"nit-destinatario\" value=\"\" size=\"40\" class=\"wpcf7-form-control wpcf7-text wpcf7-validates-as-required\" aria-required=\"true\" aria-invalid=\"false\" \/><\/span> <\/label><\/p>\n<p><label> Direcci\u00f3n de entrega<br \/>\n    <span class=\"wpcf7-form-control-wrap direccion-entrega\"><input type=\"text\" name=\"direccion-entrega\" value=\"\" size=\"40\" class=\"wpcf7-form-control wpcf7-text wpcf7-validates-as-required\" aria-required=\"true\" aria-invalid=\"false\" \/><\/span> <\/label><\/p>\n<p><label> Tel\u00e9fono destinatario<br \/>\n    <span class=\"wpcf7-form-control-wrap telefono-destinatario\"><input type=\"text\" name=\"telefono-destinatario\" value=\"\" size=\"40\" class=\"wpcf7-form-control wpcf7-text wpcf7-validates-as-required\" aria-required=\"true\" aria-invalid=\"false\" \/><\/span> <\/label><\/p>\n<p><label> Forma de pago<br \/>\n    <span class=\"wpcf7-form-control-wrap forma-pago\"><select name=\"forma-pago\" class=\"wpcf7-form-control wpcf7-select wpcf7-validates-as-required\" aria-required=\"true\" aria-invalid=\"false\"><option value=\"\">---<\/option><option value=\"Cr\u00e9dito\">Cr\u00e9dito<\/option><option value=\"Contado\">Contado<\/option><option value=\"Contraentrega\">Contraentrega<\/option><\/select><\/span> <\/label><\/p>\n<p><label> Requiere Cargue<br \/>\n    <span class=\"wpcf7-form-control-wrap carga\"><select name=\"carga\" class=\"wpcf7-form-control wpcf7-select wpcf7-validates-as-required\" aria-required=\"true\" aria-invalid=\"false\"><option value=\"\">---<\/option><option value=\"Si\">Si<\/option><option value=\"No\">No<\/option><\/select><\/span><\/label><\/p>\n<p><label> Requiere Descargue<br \/>\n     <span class=\"wpcf7-form-control-wrap descarga\"><select name=\"descarga\" class=\"wpcf7-form-control wpcf7-select wpcf7-validates-as-required\" aria-required=\"true\" aria-invalid=\"false\"><option value=\"\">---<\/option><option value=\"Si\">Si<\/option><option value=\"No\">No<\/option><\/select><\/span><\/label><\/p>\n<p><label> Observaciones al despacho<br \/>\n    <span class=\"wpcf7-form-control-wrap mensaje\"><textarea name=\"mensaje\" cols=\"40\" rows=\"10\" class=\"wpcf7-form-control wpcf7-textarea wpcf7-validates-as-required\" aria-required=\"true\" aria-invalid=\"false\"><\/textarea><\/span> <\/label><\/p>\n<p><input type=\"submit\" value=\"Enviar\"><\/p>\n<div class=\"wpcf7-response-output\" role=\"alert\" aria-hidden=\"true\"><\/div><\/form><\/div><\/p>\n","protected":false},"author":3,"featured_media":0,"parent":0,"menu_order":0,"comment_status":"closed","ping_status":"closed","template":"","meta":{"_et_pb_use_builder":"on","_et_pb_old_content":"","_et_gb_content_width":"","_joinchat":[],"footnotes":""},"class_list":["post-1144","page","type-page","status-publish","hentry"],"_links":{"self":[{"href":"https:\/\/proeslog.com\/sitio\/wp-json\/wp\/v2\/pages\/1144","targetHints":{"allow":["GET"]}}],"collection":[{"href":"https:\/\/proeslog.com\/sitio\/wp-json\/wp\/v2\/pages"}],"about":[{"href":"https:\/\/proeslog.com\/sitio\/wp-json\/wp\/v2\/types\/page"}],"author":[{"embeddable":true,"href":"https:\/\/proeslog.com\/sitio\/wp-json\/wp\/v2\/users\/3"}],"replies":[{"embeddable":true,"href":"https:\/\/proeslog.com\/sitio\/wp-json\/wp\/v2\/comments?post=1144"}],"version-history":[{"count":7,"href":"https:\/\/proeslog.com\/sitio\/wp-json\/wp\/v2\/pages\/1144\/revisions"}],"predecessor-version":[{"id":1187,"href":"https:\/\/proeslog.com\/sitio\/wp-json\/wp\/v2\/pages\/1144\/revisions\/1187"}],"wp:attachment":[{"href":"https:\/\/proeslog.com\/sitio\/wp-json\/wp\/v2\/media?parent=1144"}],"curies":[{"name":"wp","href":"https:\/\/api.w.org\/{rel}","templated":true}]}}