{"id":802,"date":"2020-08-31T15:36:16","date_gmt":"2020-08-31T20:36:16","guid":{"rendered":"https:\/\/proeslog.com\/sitio\/?page_id=802"},"modified":"2023-12-18T12:49:44","modified_gmt":"2023-12-18T17:49:44","slug":"sobre-proeslog","status":"publish","type":"page","link":"https:\/\/proeslog.com\/sitio\/sobre-proeslog\/","title":{"rendered":"Sobre Proeslog"},"content":{"rendered":"<p>[et_pb_section fb_built=\u00bb1&#8243; _builder_version=\u00bb4.16&#8243; _module_preset=\u00bbdefault\u00bb background_image=\u00bbhttps:\/\/proeslog.com\/sitio\/wp-content\/uploads\/2020\/09\/cabezote.jpg\u00bb custom_padding=\u00bb0px||0px||false|false\u00bb global_colors_info=\u00bb{}\u00bb][et_pb_row use_custom_gutter=\u00bbon\u00bb gutter_width=\u00bb1&#8243; _builder_version=\u00bb4.16&#8243; _module_preset=\u00bbdefault\u00bb width=\u00bb100%\u00bb max_width=\u00bb100%\u00bb custom_padding=\u00bb0px||0px||false|false\u00bb global_colors_info=\u00bb{}\u00bb][et_pb_column type=\u00bb4_4&#8243; _builder_version=\u00bb4.16&#8243; _module_preset=\u00bbdefault\u00bb background_enable_color=\u00bboff\u00bb custom_padding=\u00bb92px||92px||false|false\u00bb global_colors_info=\u00bb{}\u00bb][et_pb_text _builder_version=\u00bb4.16&#8243; _module_preset=\u00bbdefault\u00bb text_font=\u00bbRaleway|700|||||||\u00bb text_text_color=\u00bb#ffffff\u00bb text_font_size=\u00bb30px\u00bb text_orientation=\u00bbcenter\u00bb global_colors_info=\u00bb{}\u00bb]<\/p>\n<p><strong>Sobre Proeslog<\/strong><\/p>\n<p>[\/et_pb_text][\/et_pb_column][\/et_pb_row][\/et_pb_section][et_pb_section fb_built=\u00bb1&#8243; _builder_version=\u00bb4.16&#8243; _module_preset=\u00bbdefault\u00bb custom_padding=\u00bb33px|||||\u00bb global_colors_info=\u00bb{}\u00bb][et_pb_row column_structure=\u00bb1_2,1_2&#8243; _builder_version=\u00bb4.21.0&#8243; _module_preset=\u00bbdefault\u00bb custom_margin=\u00bb20px||||false|false\u00bb global_colors_info=\u00bb{}\u00bb][et_pb_column type=\u00bb1_2&#8243; _builder_version=\u00bb4.16&#8243; _module_preset=\u00bbdefault\u00bb global_colors_info=\u00bb{}\u00bb][et_pb_text _builder_version=\u00bb4.16&#8243; _module_preset=\u00bbdefault\u00bb text_font=\u00bb|600|||||||\u00bb text_text_color=\u00bb#4d4d4d\u00bb text_font_size=\u00bb15px\u00bb text_line_height=\u00bb1.9em\u00bb text_orientation=\u00bbjustified\u00bb global_colors_info=\u00bb{}\u00bb]<\/p>\n<p>Proyectos Especializados en Log\u00edstica S.A.S, es una empresa habilitada por Min transporte, bajo resoluci\u00f3n 2020304000085, dedicada a la prestaci\u00f3n de servicios de transporte y log\u00edstica.\u00a0<\/p>\n<p>Trabajamos con el objetivo de brindar soluciones integrales en Log\u00edstica,\u00a0 de la mano con la innovaci\u00f3n y la tecnolog\u00eda,\u00a0 asociadas a la cadena de distribuci\u00f3n;\u00a0 para ello contamos\u00a0 con\u00a0 un grupo de\u00a0 profesional id\u00f3neo, con m\u00e1s de 15 a\u00f1os de experiencia en el sector transporte de carga, garantizando\u00a0 un servicio de calidad,\u00a0 respaldado en nuestros valores de\u00a0 amabilidad, respeto, igualdad, honestidad y responsabilidad.<\/p>\n<p style=\"text-align: center;\"><strong> Ofrecemos Servicios Especializados en Carga Masiva, <\/strong><br \/><strong>distribuci\u00f3n y dise\u00f1o de proyectos a la medida.<\/strong><\/p>\n<p>[\/et_pb_text][\/et_pb_column][et_pb_column type=\u00bb1_2&#8243; _builder_version=\u00bb4.16&#8243; _module_preset=\u00bbdefault\u00bb global_colors_info=\u00bb{}\u00bb][et_pb_image src=\u00bbhttps:\/\/proeslog.com\/sitio\/wp-content\/uploads\/2020\/09\/sobre-proeslog.jpg\u00bb title_text=\u00bbsobre-proeslog\u00bb _builder_version=\u00bb4.16&#8243; _module_preset=\u00bbdefault\u00bb global_colors_info=\u00bb{}\u00bb][\/et_pb_image][\/et_pb_column][\/et_pb_row][et_pb_row column_structure=\u00bb1_3,1_3,1_3&#8243; _builder_version=\u00bb4.16&#8243; _module_preset=\u00bbdefault\u00bb custom_margin=\u00bb50px||||false|false\u00bb global_colors_info=\u00bb{}\u00bb][et_pb_column type=\u00bb1_3&#8243; _builder_version=\u00bb4.16&#8243; _module_preset=\u00bbdefault\u00bb global_colors_info=\u00bb{}\u00bb][et_pb_text _builder_version=\u00bb4.16&#8243; _module_preset=\u00bbdefault\u00bb text_font=\u00bbRaleway|700|||||||\u00bb text_text_color=\u00bb#001a59&#8243; text_font_size=\u00bb35px\u00bb text_line_height=\u00bb1.9em\u00bb text_orientation=\u00bbcenter\u00bb custom_margin=\u00bb||13px|||\u00bb global_colors_info=\u00bb{}\u00bb]<\/p>\n<p>Misi\u00f3n<\/p>\n<p>[\/et_pb_text][et_pb_text _builder_version=\u00bb4.16&#8243; _module_preset=\u00bbdefault\u00bb text_font=\u00bb|600|||||||\u00bb text_text_color=\u00bb#4d4d4d\u00bb text_font_size=\u00bb15px\u00bb text_line_height=\u00bb1.9em\u00bb text_orientation=\u00bbjustified\u00bb global_colors_info=\u00bb{}\u00bb]<\/p>\n<p style=\"text-align: justify;\">Como aliados estrat\u00e9gicos proveer las <br \/>herramientas materiales y tecnol\u00f3gicas en <br \/>nuestros procesos de transporte de carga y <br \/>proyectos, con el fin de generar experiencias <br \/>positivas en nuestros clientes internos y <br \/>externos.<\/p>\n<p>[\/et_pb_text][\/et_pb_column][et_pb_column type=\u00bb1_3&#8243; _builder_version=\u00bb4.16&#8243; _module_preset=\u00bbdefault\u00bb global_colors_info=\u00bb{}\u00bb][et_pb_image src=\u00bbhttps:\/\/proeslog.com\/sitio\/wp-content\/uploads\/2020\/09\/sobre-proeslog-2.jpg\u00bb title_text=\u00bbsobre-proeslog-2&#8243; _builder_version=\u00bb4.16&#8243; _module_preset=\u00bbdefault\u00bb custom_margin=\u00bb21px|||||\u00bb global_colors_info=\u00bb{}\u00bb][\/et_pb_image][\/et_pb_column][et_pb_column type=\u00bb1_3&#8243; _builder_version=\u00bb4.16&#8243; _module_preset=\u00bbdefault\u00bb global_colors_info=\u00bb{}\u00bb][et_pb_text _builder_version=\u00bb4.16&#8243; _module_preset=\u00bbdefault\u00bb text_font=\u00bbRaleway|700|||||||\u00bb text_text_color=\u00bb#001a59&#8243; text_font_size=\u00bb35px\u00bb text_line_height=\u00bb1.9em\u00bb text_orientation=\u00bbcenter\u00bb custom_margin=\u00bb||13px|||\u00bb global_colors_info=\u00bb{}\u00bb]<\/p>\n<p>Visi\u00f3n<\/p>\n<p>[\/et_pb_text][et_pb_text _builder_version=\u00bb4.16&#8243; _module_preset=\u00bbdefault\u00bb text_font=\u00bb|600|||||||\u00bb text_text_color=\u00bb#4d4d4d\u00bb text_font_size=\u00bb15px\u00bb text_line_height=\u00bb1.9em\u00bb text_orientation=\u00bbjustified\u00bb global_colors_info=\u00bb{}\u00bb]<\/p>\n<p style=\"text-align: justify;\">Ser reconocida, como una compa\u00f1\u00eda aliada <br \/>en log\u00edstica con enfoque a las nuevas <br \/>tecnolog\u00edas y tendencias, que generen <br \/>herramientas eficientes para nuestros <br \/>clientes, logrando as\u00ed, posicionamiento en el <br \/>mercado nacional.<\/p>\n<p>[\/et_pb_text][\/et_pb_column][\/et_pb_row][\/et_pb_section]<\/p>\n","protected":false},"excerpt":{"rendered":"<p>Sobre ProeslogProyectos Especializados en Log\u00edstica S.A.S, es una empresa habilitada por Min transporte, bajo resoluci\u00f3n 2020304000085, dedicada a la prestaci\u00f3n de servicios de transporte y log\u00edstica.\u00a0 Trabajamos con el objetivo de brindar soluciones integrales en Log\u00edstica,\u00a0 de la mano con la innovaci\u00f3n y la tecnolog\u00eda,\u00a0 asociadas a la cadena de distribuci\u00f3n;\u00a0 para ello contamos\u00a0 con\u00a0 [&hellip;]<\/p>\n","protected":false},"author":3,"featured_media":0,"parent":0,"menu_order":0,"comment_status":"closed","ping_status":"closed","template":"","meta":{"_et_pb_use_builder":"on","_et_pb_old_content":"","_et_gb_content_width":"","_joinchat":[],"footnotes":""},"class_list":["post-802","page","type-page","status-publish","hentry"],"_links":{"self":[{"href":"https:\/\/proeslog.com\/sitio\/wp-json\/wp\/v2\/pages\/802","targetHints":{"allow":["GET"]}}],"collection":[{"href":"https:\/\/proeslog.com\/sitio\/wp-json\/wp\/v2\/pages"}],"about":[{"href":"https:\/\/proeslog.com\/sitio\/wp-json\/wp\/v2\/types\/page"}],"author":[{"embeddable":true,"href":"https:\/\/proeslog.com\/sitio\/wp-json\/wp\/v2\/users\/3"}],"replies":[{"embeddable":true,"href":"https:\/\/proeslog.com\/sitio\/wp-json\/wp\/v2\/comments?post=802"}],"version-history":[{"count":11,"href":"https:\/\/proeslog.com\/sitio\/wp-json\/wp\/v2\/pages\/802\/revisions"}],"predecessor-version":[{"id":4468,"href":"https:\/\/proeslog.com\/sitio\/wp-json\/wp\/v2\/pages\/802\/revisions\/4468"}],"wp:attachment":[{"href":"https:\/\/proeslog.com\/sitio\/wp-json\/wp\/v2\/media?parent=802"}],"curies":[{"name":"wp","href":"https:\/\/api.w.org\/{rel}","templated":true}]}}